{"id":13,"date":"2020-12-14T17:37:49","date_gmt":"2020-12-14T16:37:49","guid":{"rendered":"http:\/\/www.wordpress.harpandco.be\/?page_id=13"},"modified":"2021-01-06T14:12:44","modified_gmt":"2021-01-06T13:12:44","slug":"a-propos-de","status":"publish","type":"page","link":"https:\/\/www.harpandco.be\/?page_id=13","title":{"rendered":"Our Label"},"content":{"rendered":"\n<p>In 2004\u00a0Rachel\u00a0Talitman created her independent label Harp&amp;Co, with her soloist friends, aiming to instigate mainly first recording of the harp repertory. The discography of\u00a0Harp&amp;Co is varied and original, covering different unknown register \u2013 concertos, chamber music and recitals. <\/p>\n\n\n\n<p>Several composers dedicated compositions for Rachel Talitman and her friends:<\/p>\n\n\n\n<p><em>Jean-Michel Damase&nbsp; &#8211; Concerto for bassoon and harp, De l\u2019Ombre \u00e0 la lumi\u00e8re-for trumpet and harp, Hallucinations- for viola and harp.&nbsp; Bernard Andr\u00e8s&nbsp; &#8211; Le Seigneur des Amin-Concerto for harp and orchestra. Michel Lysight &#8211; Chronographies X . Hans Lamal&nbsp;&nbsp;&nbsp; &#8211; Trias Concerto for flute, bassoon and harp. Anthony Girard&nbsp;&nbsp; -Voyage au Gr\u00e9 des Illusions-Double concerto for violin and harp. Robert Grolot&nbsp;&nbsp; -Po\u00e8me Secret, Anna Segal \u2013 CD, including Concertino for Harp,Clarinet ans strings.&nbsp; Noam Sheriff, Joseph Bardanashvili, Yoram Meyuchas&nbsp;&nbsp;\u2013&nbsp; For solo Flute and Harp. The Belgian composers Nicolas Meunier, and Benjamien Lycke dedicated for her quintet for flute, violin, viola cello and harp. The German composer Dirk Michael Kirsch dedicated for her Two Impromptus for Harp Solo.The british composer Paul Lewis Concerto Romantico for harp and Orchestra.&nbsp;&nbsp;&nbsp;<\/em>&nbsp;&nbsp;<\/p>\n\n\n\n<p><\/p>\n\n\n\n<p>Harp&amp;Co\u00a0got the Golden Label 2014-2015 from\u00a0<a rel=\"noreferrer noopener\" href=\"http:\/\/www.klassiek-centraal.be\/\" target=\"_blank\">http:\/\/www.klassiek-centraal.be\/<\/a>\u00a0for the cd harp recital Hasselmans, and\u00a0Rachel\u00a0Talitman Life\u00a0 Career Prize in 2017.<\/p>\n\n\n\n<figure class=\"wp-block-image size-large\"><img loading=\"lazy\" decoding=\"async\" width=\"200\" height=\"311\" src=\"http:\/\/www.wordpress.harpandco.be\/wp-content\/uploads\/2020\/12\/comicHarp_P.jpg\" alt=\"\" class=\"wp-image-96\" srcset=\"https:\/\/www.harpandco.be\/wp-content\/uploads\/2020\/12\/comicHarp_P.jpg 200w, https:\/\/www.harpandco.be\/wp-content\/uploads\/2020\/12\/comicHarp_P-193x300.jpg 193w, https:\/\/www.harpandco.be\/wp-content\/uploads\/2020\/12\/comicHarp_P-39x60.jpg 39w\" sizes=\"auto, (max-width: 200px) 100vw, 200px\" \/><\/figure>\n","protected":false},"excerpt":{"rendered":"<p>In 2004\u00a0Rachel\u00a0Talitman created her independent label Harp&amp;Co, with her soloist friends, aiming to instigate mainly first recording of the harp repertory. The discography of\u00a0Harp&amp;Co is varied and original, covering different unknown register \u2013 concertos, chamber music and recitals. Several composers dedicated compositions for Rachel Talitman and her friends: Jean-Michel Damase&nbsp; &#8211; Concerto for bassoon and [&hellip;]<\/p>\n","protected":false},"author":1,"featured_media":0,"parent":0,"menu_order":0,"comment_status":"closed","ping_status":"closed","template":"","meta":{"footnotes":""},"class_list":["post-13","page","type-page","status-publish","hentry"],"_links":{"self":[{"href":"https:\/\/www.harpandco.be\/index.php?rest_route=\/wp\/v2\/pages\/13","targetHints":{"allow":["GET"]}}],"collection":[{"href":"https:\/\/www.harpandco.be\/index.php?rest_route=\/wp\/v2\/pages"}],"about":[{"href":"https:\/\/www.harpandco.be\/index.php?rest_route=\/wp\/v2\/types\/page"}],"author":[{"embeddable":true,"href":"https:\/\/www.harpandco.be\/index.php?rest_route=\/wp\/v2\/users\/1"}],"replies":[{"embeddable":true,"href":"https:\/\/www.harpandco.be\/index.php?rest_route=%2Fwp%2Fv2%2Fcomments&post=13"}],"version-history":[{"count":4,"href":"https:\/\/www.harpandco.be\/index.php?rest_route=\/wp\/v2\/pages\/13\/revisions"}],"predecessor-version":[{"id":150,"href":"https:\/\/www.harpandco.be\/index.php?rest_route=\/wp\/v2\/pages\/13\/revisions\/150"}],"wp:attachment":[{"href":"https:\/\/www.harpandco.be\/index.php?rest_route=%2Fwp%2Fv2%2Fmedia&parent=13"}],"curies":[{"name":"wp","href":"https:\/\/api.w.org\/{rel}","templated":true}]}}